{"id":1078,"date":"2026-02-18T11:37:29","date_gmt":"2026-02-18T11:37:29","guid":{"rendered":"https:\/\/stovykla.a24.lt\/?page_id=1078"},"modified":"2026-04-01T11:30:20","modified_gmt":"2026-04-01T09:30:20","slug":"aciu","status":"publish","type":"page","link":"https:\/\/stovykla.a24.lt\/ru\/aciu\/","title":{"rendered":"Aciu"},"content":{"rendered":"<div data-elementor-type=\"wp-page\" data-elementor-id=\"1078\" class=\"elementor elementor-1078\" data-elementor-post-type=\"page\">\n\t\t\t\t<div class=\"elementor-element elementor-element-dde15c9 e-con-full e-flex e-con e-parent\" data-id=\"dde15c9\" data-element_type=\"container\" data-e-type=\"container\" data-settings=\"{&quot;background_background&quot;:&quot;classic&quot;}\">\n\t\t<div class=\"elementor-element elementor-element-477279d e-con-full e-flex e-con e-child\" data-id=\"477279d\" data-element_type=\"container\" data-e-type=\"container\" data-settings=\"{&quot;background_background&quot;:&quot;classic&quot;}\">\n\t\t\t\t<div class=\"elementor-element elementor-element-eb71aee elementor-widget-mobile__width-inherit elementor-widget elementor-widget-heading\" data-id=\"eb71aee\" data-element_type=\"widget\" data-e-type=\"widget\" data-widget_type=\"heading.default\">\n\t\t\t\t\t<h1 class=\"elementor-heading-title elementor-size-default\">\u0423\u0440\u0430!  \u0412\u0430\u0448\u0430 \u0437\u0430\u044f\u0432\u043a\u0430 \u0443\u0441\u043f\u0435\u0448\u043d\u043e \u043f\u043e\u043b\u0443\u0447\u0435\u043d\u0430.<\/h1>\t\t\t\t<\/div>\n\t\t\t\t<div class=\"elementor-element elementor-element-e5889b2 elementor-widget elementor-widget-text-editor\" data-id=\"e5889b2\" data-element_type=\"widget\" data-e-type=\"widget\" data-widget_type=\"text-editor.default\">\n\t\t\t\t\t\t\t\t\t<ol><li class=\"p1\"><strong>\u0417\u0432\u043e\u043d\u043e\u043a:<\/strong> \u0421 \u0432\u0430\u043c\u0438 \u0441\u0432\u044f\u0436\u0435\u0442\u0441\u044f \u0441\u043e\u0442\u0440\u0443\u0434\u043d\u0438\u043a \u043d\u0430\u0448\u0435\u0439 \u043a\u043e\u043c\u0430\u043d\u0434\u044b \u043f\u043e \u0443\u043a\u0430\u0437\u0430\u043d\u043d\u043e\u043c\u0443 \u043d\u043e\u043c\u0435\u0440\u0443 \u0442\u0435\u043b\u0435\u0444\u043e\u043d\u0430 \u0432 \u0442\u0435\u0447\u0435\u043d\u0438\u0435 24 \u0447\u0430\u0441\u043e\u0432 (\u0432 \u0440\u0430\u0431\u043e\u0447\u0438\u0435 \u0434\u043d\u0438).<\/li><li class=\"p1\"><strong>\u041a\u043e\u043d\u0441\u0443\u043b\u044c\u0442\u0430\u0446\u0438\u044f:<\/strong> \u041e\u0442\u0432\u0435\u0442\u0438\u043c \u043d\u0430 \u0432\u0441\u0435 \u0432\u043e\u0437\u043d\u0438\u043a\u0430\u044e\u0449\u0438\u0435 \u0432\u043e\u043f\u0440\u043e\u0441\u044b \u043e \u043f\u0440\u043e\u0433\u0440\u0430\u043c\u043c\u0435, \u0432\u043e\u0436\u0430\u0442\u044b\u0445 \u0438\u043b\u0438 \u043f\u0440\u043e\u0436\u0438\u0432\u0430\u043d\u0438\u0438.<\/li><li class=\"p1\"><strong>\u0411\u0440\u043e\u043d\u0438\u0440\u043e\u0432\u0430\u043d\u0438\u0435:<\/strong> \u0415\u0441\u043b\u0438 \u0432\u0441\u0451 \u043f\u043e\u0434\u043e\u0439\u0434\u0451\u0442 \u2013 \u043f\u043e\u043c\u043e\u0436\u0435\u043c \u0437\u0430\u0432\u0435\u0440\u0448\u0438\u0442\u044c \u0431\u0440\u043e\u043d\u0438\u0440\u043e\u0432\u0430\u043d\u0438\u0435 \u043c\u0435\u0441\u0442\u0430 \u0438 \u043e\u0442\u043f\u0440\u0430\u0432\u0438\u043c \u0432\u0441\u044e \u043d\u0435\u043e\u0431\u0445\u043e\u0434\u0438\u043c\u0443\u044e \u0438\u043d\u0444\u043e\u0440\u043c\u0430\u0446\u0438\u044e \u043d\u0430 \u044d\u043b\u0435\u043a\u0442\u0440\u043e\u043d\u043d\u0443\u044e \u043f\u043e\u0447\u0442\u0443.<\/li><\/ol>\t\t\t\t\t\t\t\t<\/div>\n\t\t\t\t<div class=\"elementor-element elementor-element-0c4057e elementor-widget elementor-widget-heading\" data-id=\"0c4057e\" data-element_type=\"widget\" data-e-type=\"widget\" data-widget_type=\"heading.default\">\n\t\t\t\t\t<p class=\"elementor-heading-title elementor-size-default\">\u041f\u043e\u043a\u0430 \u0436\u0434\u0451\u0442\u0435 \u0437\u0432\u043e\u043d\u043a\u0430:<\/p>\t\t\t\t<\/div>\n\t\t\t\t<div class=\"elementor-element elementor-element-4ca4fef elementor-widget elementor-widget-text-editor\" data-id=\"4ca4fef\" data-element_type=\"widget\" data-e-type=\"widget\" data-widget_type=\"text-editor.default\">\n\t\t\t\t\t\t\t\t\t<p class=\"p1\">\u041f\u0440\u0438\u0433\u043b\u0430\u0448\u0430\u0435\u043c \u0437\u0430\u0433\u043b\u044f\u043d\u0443\u0442\u044c \u0432 \u043d\u0430\u0448\u0438 \u0441\u043e\u0446\u0438\u0430\u043b\u044c\u043d\u044b\u0435 \u0441\u0435\u0442\u0438 \u0438 \u043f\u043e\u0441\u043c\u043e\u0442\u0440\u0435\u0442\u044c, \u043a\u0430\u043a \u0436\u0438\u0432\u0443\u0442 \u043d\u0430\u0448\u0438 \u043e\u0442\u0434\u044b\u0445\u0430\u044e\u0449\u0438\u0435!<\/p>\t\t\t\t\t\t\t\t<\/div>\n\t\t\t\t<div class=\"elementor-element elementor-element-f78f464 elementor-shape-circle elementor-grid-mobile-0 e-grid-align-mobile-left e-grid-align-left elementor-grid-0 elementor-widget elementor-widget-social-icons\" data-id=\"f78f464\" data-element_type=\"widget\" data-e-type=\"widget\" data-widget_type=\"social-icons.default\">\n\t\t\t\t\t\t\t<div class=\"elementor-social-icons-wrapper elementor-grid\" role=\"list\">\n\t\t\t\t\t\t\t<span class=\"elementor-grid-item\" role=\"listitem\">\n\t\t\t\t\t<a class=\"elementor-icon elementor-social-icon elementor-social-icon-instagram elementor-animation-grow elementor-repeater-item-b818944\" href=\"https:\/\/www.instagram.com\/a24ltu\/\" target=\"_blank\">\n\t\t\t\t\t\t<span class=\"elementor-screen-only\">Instagram<\/span>\n\t\t\t\t\t\t<svg aria-hidden=\"true\" class=\"e-font-icon-svg e-fab-instagram\" viewbox=\"0 0 448 512\" xmlns=\"http:\/\/www.w3.org\/2000\/svg\"><path d=\"M224.1 141c-63.6 0-114.9 51.3-114.9 114.9s51.3 114.9 114.9 114.9S339 319.5 339 255.9 287.7 141 224.1 141zm0 189.6c-41.1 0-74.7-33.5-74.7-74.7s33.5-74.7 74.7-74.7 74.7 33.5 74.7 74.7-33.6 74.7-74.7 74.7zm146.4-194.3c0 14.9-12 26.8-26.8 26.8-14.9 0-26.8-12-26.8-26.8s12-26.8 26.8-26.8 26.8 12 26.8 26.8zm76.1 27.2c-1.7-35.9-9.9-67.7-36.2-93.9-26.2-26.2-58-34.4-93.9-36.2-37-2.1-147.9-2.1-184.9 0-35.8 1.7-67.6 9.9-93.9 36.1s-34.4 58-36.2 93.9c-2.1 37-2.1 147.9 0 184.9 1.7 35.9 9.9 67.7 36.2 93.9s58 34.4 93.9 36.2c37 2.1 147.9 2.1 184.9 0 35.9-1.7 67.7-9.9 93.9-36.2 26.2-26.2 34.4-58 36.2-93.9 2.1-37 2.1-147.8 0-184.8zM398.8 388c-7.8 19.6-22.9 34.7-42.6 42.6-29.5 11.7-99.5 9-132.1 9s-102.7 2.6-132.1-9c-19.6-7.8-34.7-22.9-42.6-42.6-11.7-29.5-9-99.5-9-132.1s-2.6-102.7 9-132.1c7.8-19.6 22.9-34.7 42.6-42.6 29.5-11.7 99.5-9 132.1-9s102.7-2.6 132.1 9c19.6 7.8 34.7 22.9 42.6 42.6 11.7 29.5 9 99.5 9 132.1s2.7 102.7-9 132.1z\"><\/path><\/svg>\t\t\t\t\t<\/a>\n\t\t\t\t<\/span>\n\t\t\t\t\t\t\t<span class=\"elementor-grid-item\" role=\"listitem\">\n\t\t\t\t\t<a class=\"elementor-icon elementor-social-icon elementor-social-icon-facebook elementor-animation-grow elementor-repeater-item-99df3e0\" href=\"https:\/\/www.facebook.com\/a24ltu\" target=\"_blank\">\n\t\t\t\t\t\t<span class=\"elementor-screen-only\">Facebook<\/span>\n\t\t\t\t\t\t<svg aria-hidden=\"true\" class=\"e-font-icon-svg e-fab-facebook\" viewbox=\"0 0 512 512\" xmlns=\"http:\/\/www.w3.org\/2000\/svg\"><path d=\"M504 256C504 119 393 8 256 8S8 119 8 256c0 123.78 90.69 226.38 209.25 245V327.69h-63V256h63v-54.64c0-62.15 37-96.48 93.67-96.48 27.14 0 55.52 4.84 55.52 4.84v61h-31.28c-30.8 0-40.41 19.12-40.41 38.73V256h68.78l-11 71.69h-57.78V501C413.31 482.38 504 379.78 504 256z\"><\/path><\/svg>\t\t\t\t\t<\/a>\n\t\t\t\t<\/span>\n\t\t\t\t\t\t\t<span class=\"elementor-grid-item\" role=\"listitem\">\n\t\t\t\t\t<a class=\"elementor-icon elementor-social-icon elementor-social-icon-tiktok elementor-animation-grow elementor-repeater-item-50bc82f\" href=\"https:\/\/www.tiktok.com\/@a24ltu\" target=\"_blank\">\n\t\t\t\t\t\t<span class=\"elementor-screen-only\">Tiktok<\/span>\n\t\t\t\t\t\t<svg aria-hidden=\"true\" class=\"e-font-icon-svg e-fab-tiktok\" viewbox=\"0 0 448 512\" xmlns=\"http:\/\/www.w3.org\/2000\/svg\"><path d=\"M448,209.91a210.06,210.06,0,0,1-122.77-39.25V349.38A162.55,162.55,0,1,1,185,188.31V278.2a74.62,74.62,0,1,0,52.23,71.18V0l88,0a121.18,121.18,0,0,0,1.86,22.17h0A122.18,122.18,0,0,0,381,102.39a121.43,121.43,0,0,0,67,20.14Z\"><\/path><\/svg>\t\t\t\t\t<\/a>\n\t\t\t\t<\/span>\n\t\t\t\t\t<\/div>\n\t\t\t\t\t\t<\/div>\n\t\t\t\t<\/div>\n\t\t\t\t<\/div>\n\t\t\t\t<\/div>","protected":false},"excerpt":{"rendered":"<p>Valio! J\u016bs\u0173 u\u017eklausa s\u0117kmingai gauta. Skambutis: M\u016bs\u0173 komandos narys susisieks su Jumis nurodytu telefonu per 24 valandas (darbo dienomis). Konsultacija: Atsakysime \u012f visus kylan\u010dius klausimus apie program\u0105, vadovus ar apgyvendinim\u0105. Rezervacija: Jei viskas tiks, pad\u0117sime u\u017ebaigti vietos rezervacij\u0105 ir atsi\u0173sime vis\u0105 reikiam\u0105 informacij\u0105 el. pa\u0161tu. Kol laukiate skambu\u010dio: Kvie\u010diame u\u017esukti \u012f m\u016bs\u0173 socialinius tinklus ir [&hellip;]<\/p>\n","protected":false},"author":2,"featured_media":0,"parent":0,"menu_order":0,"comment_status":"closed","ping_status":"closed","template":"","meta":{"footnotes":""},"class_list":["post-1078","page","type-page","status-publish","hentry"],"yoast_head":"<!-- This site is optimized with the Yoast SEO plugin v27.3 - https:\/\/yoast.com\/product\/yoast-seo-wordpress\/ -->\n<title>Aciu - stovykla.a24.lt<\/title>\n<meta name=\"robots\" content=\"index, follow, max-snippet:-1, max-image-preview:large, max-video-preview:-1\" \/>\n<link rel=\"canonical\" href=\"https:\/\/stovykla.a24.lt\/ru\/aciu\/\" \/>\n<meta property=\"og:locale\" content=\"ru_RU\" \/>\n<meta property=\"og:type\" content=\"article\" \/>\n<meta property=\"og:title\" content=\"Aciu - stovykla.a24.lt\" \/>\n<meta property=\"og:description\" content=\"Valio! J\u016bs\u0173 u\u017eklausa s\u0117kmingai gauta. Skambutis: M\u016bs\u0173 komandos narys susisieks su Jumis nurodytu telefonu per 24 valandas (darbo dienomis). Konsultacija: Atsakysime \u012f visus kylan\u010dius klausimus apie program\u0105, vadovus ar apgyvendinim\u0105. Rezervacija: Jei viskas tiks, pad\u0117sime u\u017ebaigti vietos rezervacij\u0105 ir atsi\u0173sime vis\u0105 reikiam\u0105 informacij\u0105 el. pa\u0161tu. Kol laukiate skambu\u010dio: Kvie\u010diame u\u017esukti \u012f m\u016bs\u0173 socialinius tinklus ir [&hellip;]\" \/>\n<meta property=\"og:url\" content=\"https:\/\/stovykla.a24.lt\/ru\/aciu\/\" \/>\n<meta property=\"og:site_name\" content=\"stovykla.a24.lt\" \/>\n<meta property=\"article:modified_time\" content=\"2026-04-01T09:30:20+00:00\" \/>\n<meta name=\"twitter:card\" content=\"summary_large_image\" \/>\n<meta name=\"twitter:label1\" content=\"\u041f\u0440\u0438\u043c\u0435\u0440\u043d\u043e\u0435 \u0432\u0440\u0435\u043c\u044f \u0434\u043b\u044f \u0447\u0442\u0435\u043d\u0438\u044f\" \/>\n\t<meta name=\"twitter:data1\" content=\"1 \u043c\u0438\u043d\u0443\u0442\u0430\" \/>\n<script type=\"application\/ld+json\" class=\"yoast-schema-graph\">{\"@context\":\"https:\\\/\\\/schema.org\",\"@graph\":[{\"@type\":\"WebPage\",\"@id\":\"https:\\\/\\\/stovykla.a24.lt\\\/aciu\\\/\",\"url\":\"https:\\\/\\\/stovykla.a24.lt\\\/aciu\\\/\",\"name\":\"Aciu - stovykla.a24.lt\",\"isPartOf\":{\"@id\":\"https:\\\/\\\/stovykla.a24.lt\\\/#website\"},\"datePublished\":\"2026-02-18T11:37:29+00:00\",\"dateModified\":\"2026-04-01T09:30:20+00:00\",\"breadcrumb\":{\"@id\":\"https:\\\/\\\/stovykla.a24.lt\\\/aciu\\\/#breadcrumb\"},\"inLanguage\":\"ru-RU\",\"potentialAction\":[{\"@type\":\"ReadAction\",\"target\":[\"https:\\\/\\\/stovykla.a24.lt\\\/aciu\\\/\"]}]},{\"@type\":\"BreadcrumbList\",\"@id\":\"https:\\\/\\\/stovykla.a24.lt\\\/aciu\\\/#breadcrumb\",\"itemListElement\":[{\"@type\":\"ListItem\",\"position\":1,\"name\":\"Home\",\"item\":\"https:\\\/\\\/stovykla.a24.lt\\\/\"},{\"@type\":\"ListItem\",\"position\":2,\"name\":\"Aciu\"}]},{\"@type\":\"WebSite\",\"@id\":\"https:\\\/\\\/stovykla.a24.lt\\\/#website\",\"url\":\"https:\\\/\\\/stovykla.a24.lt\\\/\",\"name\":\"stovykla.a24.lt\",\"description\":\"\",\"publisher\":{\"@id\":\"https:\\\/\\\/stovykla.a24.lt\\\/#organization\"},\"potentialAction\":[{\"@type\":\"SearchAction\",\"target\":{\"@type\":\"EntryPoint\",\"urlTemplate\":\"https:\\\/\\\/stovykla.a24.lt\\\/?s={search_term_string}\"},\"query-input\":{\"@type\":\"PropertyValueSpecification\",\"valueRequired\":true,\"valueName\":\"search_term_string\"}}],\"inLanguage\":\"ru-RU\"},{\"@type\":\"Organization\",\"@id\":\"https:\\\/\\\/stovykla.a24.lt\\\/#organization\",\"name\":\"stovykla.a24.lt\",\"url\":\"https:\\\/\\\/stovykla.a24.lt\\\/\",\"logo\":{\"@type\":\"ImageObject\",\"inLanguage\":\"ru-RU\",\"@id\":\"https:\\\/\\\/stovykla.a24.lt\\\/#\\\/schema\\\/logo\\\/image\\\/\",\"url\":\"https:\\\/\\\/stovykla.a24.lt\\\/wp-content\\\/uploads\\\/2026\\\/02\\\/logo.png\",\"contentUrl\":\"https:\\\/\\\/stovykla.a24.lt\\\/wp-content\\\/uploads\\\/2026\\\/02\\\/logo.png\",\"width\":1536,\"height\":499,\"caption\":\"stovykla.a24.lt\"},\"image\":{\"@id\":\"https:\\\/\\\/stovykla.a24.lt\\\/#\\\/schema\\\/logo\\\/image\\\/\"}}]}<\/script>\n<!-- \/ Yoast SEO plugin. -->","yoast_head_json":{"title":"Aciu - stovykla.a24.lt","robots":{"index":"index","follow":"follow","max-snippet":"max-snippet:-1","max-image-preview":"max-image-preview:large","max-video-preview":"max-video-preview:-1"},"canonical":"https:\/\/stovykla.a24.lt\/ru\/aciu\/","og_locale":"ru_RU","og_type":"article","og_title":"Aciu - stovykla.a24.lt","og_description":"Valio! J\u016bs\u0173 u\u017eklausa s\u0117kmingai gauta. Skambutis: M\u016bs\u0173 komandos narys susisieks su Jumis nurodytu telefonu per 24 valandas (darbo dienomis). Konsultacija: Atsakysime \u012f visus kylan\u010dius klausimus apie program\u0105, vadovus ar apgyvendinim\u0105. Rezervacija: Jei viskas tiks, pad\u0117sime u\u017ebaigti vietos rezervacij\u0105 ir atsi\u0173sime vis\u0105 reikiam\u0105 informacij\u0105 el. pa\u0161tu. Kol laukiate skambu\u010dio: Kvie\u010diame u\u017esukti \u012f m\u016bs\u0173 socialinius tinklus ir [&hellip;]","og_url":"https:\/\/stovykla.a24.lt\/ru\/aciu\/","og_site_name":"stovykla.a24.lt","article_modified_time":"2026-04-01T09:30:20+00:00","twitter_card":"summary_large_image","twitter_misc":{"\u041f\u0440\u0438\u043c\u0435\u0440\u043d\u043e\u0435 \u0432\u0440\u0435\u043c\u044f \u0434\u043b\u044f \u0447\u0442\u0435\u043d\u0438\u044f":"1 \u043c\u0438\u043d\u0443\u0442\u0430"},"schema":{"@context":"https:\/\/schema.org","@graph":[{"@type":"WebPage","@id":"https:\/\/stovykla.a24.lt\/aciu\/","url":"https:\/\/stovykla.a24.lt\/aciu\/","name":"Aciu - stovykla.a24.lt","isPartOf":{"@id":"https:\/\/stovykla.a24.lt\/#website"},"datePublished":"2026-02-18T11:37:29+00:00","dateModified":"2026-04-01T09:30:20+00:00","breadcrumb":{"@id":"https:\/\/stovykla.a24.lt\/aciu\/#breadcrumb"},"inLanguage":"ru-RU","potentialAction":[{"@type":"ReadAction","target":["https:\/\/stovykla.a24.lt\/aciu\/"]}]},{"@type":"BreadcrumbList","@id":"https:\/\/stovykla.a24.lt\/aciu\/#breadcrumb","itemListElement":[{"@type":"ListItem","position":1,"name":"Home","item":"https:\/\/stovykla.a24.lt\/"},{"@type":"ListItem","position":2,"name":"Aciu"}]},{"@type":"WebSite","@id":"https:\/\/stovykla.a24.lt\/#website","url":"https:\/\/stovykla.a24.lt\/","name":"stovykla.a24.lt","description":"","publisher":{"@id":"https:\/\/stovykla.a24.lt\/#organization"},"potentialAction":[{"@type":"SearchAction","target":{"@type":"EntryPoint","urlTemplate":"https:\/\/stovykla.a24.lt\/?s={search_term_string}"},"query-input":{"@type":"PropertyValueSpecification","valueRequired":true,"valueName":"search_term_string"}}],"inLanguage":"ru-RU"},{"@type":"Organization","@id":"https:\/\/stovykla.a24.lt\/#organization","name":"stovykla.a24.lt","url":"https:\/\/stovykla.a24.lt\/","logo":{"@type":"ImageObject","inLanguage":"ru-RU","@id":"https:\/\/stovykla.a24.lt\/#\/schema\/logo\/image\/","url":"https:\/\/stovykla.a24.lt\/wp-content\/uploads\/2026\/02\/logo.png","contentUrl":"https:\/\/stovykla.a24.lt\/wp-content\/uploads\/2026\/02\/logo.png","width":1536,"height":499,"caption":"stovykla.a24.lt"},"image":{"@id":"https:\/\/stovykla.a24.lt\/#\/schema\/logo\/image\/"}}]}},"_hostinger_reach_plugin_has_subscription_block":false,"_hostinger_reach_plugin_is_elementor":false,"_links":{"self":[{"href":"https:\/\/stovykla.a24.lt\/ru\/wp-json\/wp\/v2\/pages\/1078","targetHints":{"allow":["GET"]}}],"collection":[{"href":"https:\/\/stovykla.a24.lt\/ru\/wp-json\/wp\/v2\/pages"}],"about":[{"href":"https:\/\/stovykla.a24.lt\/ru\/wp-json\/wp\/v2\/types\/page"}],"author":[{"embeddable":true,"href":"https:\/\/stovykla.a24.lt\/ru\/wp-json\/wp\/v2\/users\/2"}],"replies":[{"embeddable":true,"href":"https:\/\/stovykla.a24.lt\/ru\/wp-json\/wp\/v2\/comments?post=1078"}],"version-history":[{"count":24,"href":"https:\/\/stovykla.a24.lt\/ru\/wp-json\/wp\/v2\/pages\/1078\/revisions"}],"predecessor-version":[{"id":1315,"href":"https:\/\/stovykla.a24.lt\/ru\/wp-json\/wp\/v2\/pages\/1078\/revisions\/1315"}],"wp:attachment":[{"href":"https:\/\/stovykla.a24.lt\/ru\/wp-json\/wp\/v2\/media?parent=1078"}],"curies":[{"name":"wp","href":"https:\/\/api.w.org\/{rel}","templated":true}]}}